{"id":20,"date":"2019-12-28T20:24:47","date_gmt":"2019-12-28T19:24:47","guid":{"rendered":"http:\/\/lestchabotsdelessive.be\/?page_id=20"},"modified":"2025-03-28T12:42:16","modified_gmt":"2025-03-28T11:42:16","slug":"contacts","status":"publish","type":"page","link":"https:\/\/lestchabotsdelessive.be\/index.php\/contacts\/","title":{"rendered":"Contacts &#038; Plan d&rsquo;acc\u00e8s"},"content":{"rendered":"<ul>\n<li>\n<p>&nbsp;<b>Le Conseil d&rsquo;Administration<\/b><\/p>\n<\/li>\n<\/ul>\n<p><u>Pr\u00e9sident<\/u> : Alain HENRARD<br>Vice-pr\u00e9sidente : No\u00e9my BELLOT <br>Secr\u00e9taire : Thibault VOGLAIRE<br>Tr\u00e9sorier : Jean-Luc ENGLEBERT<\/p>\n<p><em>Membres effectifs<\/em> :<\/p>\n<p>Majouba RAHMANI<\/p>\n<p>Eric FOCANT<\/p>\n<p>Laurie BOUILLON<\/p>\n<p>Mairy BURTON<\/p>\n<p>&nbsp;<\/p>\n<ul>\n<li><b>Contact<\/b>&nbsp;<\/li>\n<\/ul>\n<p>pour l&rsquo;\u00e9tat des lieux ( avant et apr\u00e8s )<\/p>\n<p>pour le relev\u00e9 des compteurs ( chauffage, eau, \u00e9lectricit\u00e9 )<\/p>\n<p>pour la remise de la clef de la porte d&rsquo;entr\u00e9e ( ! seulement si la caution est vers\u00e9e)&nbsp;<\/p>\n<p><u>Num\u00e9ro de GSM<\/u> : <strong>0484\/645872<\/strong><\/p>\n<p><u>Num\u00e9ro de GSM<\/u> : <b>0476\/515912<\/b><\/p>\n<p>Num\u00e9ro de GSM : <strong>0472\/480648<\/strong><\/p>\n<p><em><strong>Pour toute demande ou question, une seule adresse<\/strong><\/em> : <strong><u>info@lestchabotsdelessive.be<\/u> <\/strong><\/p>\n<p>&nbsp;<\/p>\n\n\n<p><\/p>\n\n\n\n<h3 class=\"wp-block-heading\">Adresse de la salle<\/h3>\n\n\n\n<p>Rue de la digue N\u00b0 26 5580 LESSIVE<\/p>\n\n\n\n<h3 class=\"wp-block-heading\">Plan d&rsquo;acc\u00e8s<\/h3>\n\n\n\n\n<\/p>\n<p>\t\t\t\t\t\t\t\t\t\t\t\t<img decoding=\"async\" width=\"665\" height=\"522\" src=\"http:\/\/lestchabotsdelessive.be\/wp-content\/uploads\/2022\/04\/Snag_28495726.png\" alt=\"\" loading=\"lazy\" srcset=\"http:\/\/lestchabotsdelessive.be\/wp-content\/uploads\/2022\/04\/Snag_28495726.png 665w, http:\/\/lestchabotsdelessive.be\/wp-content\/uploads\/2022\/04\/Snag_28495726-300x235.png 300w, http:\/\/lestchabotsdelessive.be\/wp-content\/uploads\/2022\/04\/Snag_28495726-230x181.png 230w, http:\/\/lestchabotsdelessive.be\/wp-content\/uploads\/2022\/04\/Snag_28495726-350x275.png 350w, http:\/\/lestchabotsdelessive.be\/wp-content\/uploads\/2022\/04\/Snag_28495726-480x377.png 480w\" sizes=\"auto, (max-width: 665px) 100vw, 665px\"><\/p>","protected":false},"excerpt":{"rendered":"<p>&nbsp;Le Conseil d&rsquo;Administration Pr\u00e9sident : Alain HENRARDVice-pr\u00e9sidente : No\u00e9my BELLOT Secr\u00e9taire : Thibault VOGLAIRETr\u00e9sorier : Jean-Luc ENGLEBERT Membres effectifs : Majouba RAHMANI [&hellip;]<\/p>\n","protected":false},"author":1,"featured_media":0,"parent":0,"menu_order":0,"comment_status":"closed","ping_status":"closed","template":"","meta":{"ngg_post_thumbnail":0,"footnotes":""},"class_list":["post-20","page","type-page","status-publish","hentry"],"_links":{"self":[{"href":"https:\/\/lestchabotsdelessive.be\/index.php\/wp-json\/wp\/v2\/pages\/20","targetHints":{"allow":["GET"]}}],"collection":[{"href":"https:\/\/lestchabotsdelessive.be\/index.php\/wp-json\/wp\/v2\/pages"}],"about":[{"href":"https:\/\/lestchabotsdelessive.be\/index.php\/wp-json\/wp\/v2\/types\/page"}],"author":[{"embeddable":true,"href":"https:\/\/lestchabotsdelessive.be\/index.php\/wp-json\/wp\/v2\/users\/1"}],"replies":[{"embeddable":true,"href":"https:\/\/lestchabotsdelessive.be\/index.php\/wp-json\/wp\/v2\/comments?post=20"}],"version-history":[{"count":59,"href":"https:\/\/lestchabotsdelessive.be\/index.php\/wp-json\/wp\/v2\/pages\/20\/revisions"}],"predecessor-version":[{"id":573,"href":"https:\/\/lestchabotsdelessive.be\/index.php\/wp-json\/wp\/v2\/pages\/20\/revisions\/573"}],"wp:attachment":[{"href":"https:\/\/lestchabotsdelessive.be\/index.php\/wp-json\/wp\/v2\/media?parent=20"}],"curies":[{"name":"wp","href":"https:\/\/api.w.org\/{rel}","templated":true}]}}